{"id":25,"date":"2021-12-07T14:20:19","date_gmt":"2021-12-07T14:20:19","guid":{"rendered":"https:\/\/pow-pila.pl\/?page_id=25"},"modified":"2025-01-02T10:07:56","modified_gmt":"2025-01-02T10:07:56","slug":"wydarzenia","status":"publish","type":"page","link":"https:\/\/pow-pila.pl\/index.php\/wydarzenia\/","title":{"rendered":"Wydarzenia"},"content":{"rendered":"\t\t<div data-elementor-type=\"wp-page\" data-elementor-id=\"25\" class=\"elementor elementor-25\" data-elementor-post-type=\"page\">\n\t\t\t\t\t\t<section data-particle_enable=\"false\" data-particle-mobile-disabled=\"false\" class=\"elementor-section elementor-top-section elementor-element elementor-element-605e5df elementor-section-boxed elementor-section-height-default elementor-section-height-default\" data-id=\"605e5df\" data-element_type=\"section\" data-settings=\"{&quot;background_background&quot;:&quot;gradient&quot;}\">\n\t\t\t\t\t\t<div class=\"elementor-container elementor-column-gap-default\">\n\t\t\t\t\t<div class=\"elementor-column elementor-col-100 elementor-top-column elementor-element elementor-element-8fd464f\" data-id=\"8fd464f\" data-element_type=\"column\">\n\t\t\t<div class=\"elementor-widget-wrap elementor-element-populated\">\n\t\t\t\t\t\t<div class=\"elementor-element elementor-element-3e1beba elementor-view-framed elementor-shape-circle elementor-widget elementor-widget-icon\" data-id=\"3e1beba\" data-element_type=\"widget\" data-widget_type=\"icon.default\">\n\t\t\t\t<div class=\"elementor-widget-container\">\n\t\t\t\t\t\t\t<div class=\"elementor-icon-wrapper\">\n\t\t\t<div class=\"elementor-icon\">\n\t\t\t<i aria-hidden=\"true\" class=\"far fa-newspaper\"><\/i>\t\t\t<\/div>\n\t\t<\/div>\n\t\t\t\t\t\t<\/div>\n\t\t\t\t<\/div>\n\t\t\t\t<div class=\"elementor-element elementor-element-bf773c1 elementor-widget elementor-widget-heading\" data-id=\"bf773c1\" data-element_type=\"widget\" data-widget_type=\"heading.default\">\n\t\t\t\t<div class=\"elementor-widget-container\">\n\t\t\t\t\t<h2 class=\"elementor-heading-title elementor-size-default\">Wydarzenia<\/h2>\t\t\t\t<\/div>\n\t\t\t\t<\/div>\n\t\t\t\t<div class=\"elementor-element elementor-element-5a03f7b elementor-grid-3 elementor-grid-tablet-2 elementor-grid-mobile-1 elementor-posts--thumbnail-top elementor-posts--show-avatar elementor-card-shadow-yes elementor-posts__hover-gradient elementor-widget elementor-widget-posts\" data-id=\"5a03f7b\" data-element_type=\"widget\" data-settings=\"{&quot;cards_columns&quot;:&quot;3&quot;,&quot;cards_columns_tablet&quot;:&quot;2&quot;,&quot;cards_columns_mobile&quot;:&quot;1&quot;,&quot;cards_row_gap&quot;:{&quot;unit&quot;:&quot;px&quot;,&quot;size&quot;:35,&quot;sizes&quot;:[]},&quot;cards_row_gap_tablet&quot;:{&quot;unit&quot;:&quot;px&quot;,&quot;size&quot;:&quot;&quot;,&quot;sizes&quot;:[]},&quot;cards_row_gap_mobile&quot;:{&quot;unit&quot;:&quot;px&quot;,&quot;size&quot;:&quot;&quot;,&quot;sizes&quot;:[]}}\" data-widget_type=\"posts.cards\">\n\t\t\t\t<div class=\"elementor-widget-container\">\n\t\t\t\t\t\t\t<div class=\"elementor-posts-container elementor-posts elementor-posts--skin-cards elementor-grid\">\n\t\t\t\t<article class=\"elementor-post elementor-grid-item post-128 post type-post status-publish format-standard has-post-thumbnail hentry category-wydarzenia\">\n\t\t\t<div class=\"elementor-post__card\">\n\t\t\t\t<a class=\"elementor-post__thumbnail__link\" href=\"https:\/\/pow-pila.pl\/index.php\/2021\/12\/20\/projekt-stop-covid-19\/\" tabindex=\"-1\" ><div class=\"elementor-post__thumbnail\"><img fetchpriority=\"high\" decoding=\"async\" width=\"768\" height=\"480\" src=\"https:\/\/pow-pila.pl\/wp-content\/uploads\/2021\/12\/covid_-768x480.jpg\" class=\"attachment-medium_large size-medium_large wp-image-130\" alt=\"\" srcset=\"https:\/\/pow-pila.pl\/wp-content\/uploads\/2021\/12\/covid_-768x480.jpg 768w, https:\/\/pow-pila.pl\/wp-content\/uploads\/2021\/12\/covid_-300x188.jpg 300w, https:\/\/pow-pila.pl\/wp-content\/uploads\/2021\/12\/covid_.jpg 800w\" sizes=\"(max-width: 768px) 100vw, 768px\" \/><\/div><\/a>\n\t\t\t\t<div class=\"elementor-post__avatar\">\n\t\t\t\t\t<\/div>\n\t\t\t\t<div class=\"elementor-post__text\">\n\t\t\t\t<h3 class=\"elementor-post__title\">\n\t\t\t<a href=\"https:\/\/pow-pila.pl\/index.php\/2021\/12\/20\/projekt-stop-covid-19\/\" >\n\t\t\t\tProjekt &#8222;STOP COVID-19&#8221;\t\t\t<\/a>\n\t\t<\/h3>\n\t\t\t\t<div class=\"elementor-post__excerpt\">\n\t\t\t<p>W dniu 04.11.2020 roku Powiat Pilski podpisa\u0142 z Regionalnym O\u015brodkiem Polityki Spo\u0142ecznej w Poznaniu Umow\u0119 o powierzenie grantu w wysoko\u015bci 453 579,32 z\u0142 na wsparcie:<\/p>\n\t\t<\/div>\n\t\t\n\t\t<a class=\"elementor-post__read-more\" href=\"https:\/\/pow-pila.pl\/index.php\/2021\/12\/20\/projekt-stop-covid-19\/\" aria-label=\"Read more about Projekt &#8222;STOP COVID-19&#8221;\" tabindex=\"-1\" >\n\t\t\tCzytaj wi\u0119cej \u00bb\t\t<\/a>\n\n\t\t\t\t<\/div>\n\t\t\t\t<div class=\"elementor-post__meta-data\">\n\t\t\t\t\t<span class=\"elementor-post-date\">\n\t\t\t20 grudnia, 2021\t\t<\/span>\n\t\t\t\t<\/div>\n\t\t\t\t\t<\/div>\n\t\t<\/article>\n\t\t\t\t<article class=\"elementor-post elementor-grid-item post-131 post type-post status-publish format-standard has-post-thumbnail hentry category-wydarzenia\">\n\t\t\t<div class=\"elementor-post__card\">\n\t\t\t\t<a class=\"elementor-post__thumbnail__link\" href=\"https:\/\/pow-pila.pl\/index.php\/2021\/12\/20\/regionalny-turniej-siatkowki\/\" tabindex=\"-1\" ><div class=\"elementor-post__thumbnail\"><img decoding=\"async\" width=\"768\" height=\"480\" src=\"https:\/\/pow-pila.pl\/wp-content\/uploads\/2021\/12\/siatkowka-768x480.jpg\" class=\"attachment-medium_large size-medium_large wp-image-132\" alt=\"\" srcset=\"https:\/\/pow-pila.pl\/wp-content\/uploads\/2021\/12\/siatkowka-768x480.jpg 768w, https:\/\/pow-pila.pl\/wp-content\/uploads\/2021\/12\/siatkowka-300x188.jpg 300w, https:\/\/pow-pila.pl\/wp-content\/uploads\/2021\/12\/siatkowka.jpg 800w\" sizes=\"(max-width: 768px) 100vw, 768px\" \/><\/div><\/a>\n\t\t\t\t<div class=\"elementor-post__avatar\">\n\t\t\t\t\t<\/div>\n\t\t\t\t<div class=\"elementor-post__text\">\n\t\t\t\t<h3 class=\"elementor-post__title\">\n\t\t\t<a href=\"https:\/\/pow-pila.pl\/index.php\/2021\/12\/20\/regionalny-turniej-siatkowki\/\" >\n\t\t\t\tRegionalny Turniej Siatk\u00f3wki\t\t\t<\/a>\n\t\t<\/h3>\n\t\t\t\t<div class=\"elementor-post__excerpt\">\n\t\t\t<p>Zobacz relacj\u0119 z Regionalnego Turnieju Siatk\u00f3wki Dziewcz\u0105t z POW, MOW i MOS w Czaplinku o puchar Starosty Drawskiego<\/p>\n\t\t<\/div>\n\t\t\n\t\t<a class=\"elementor-post__read-more\" href=\"https:\/\/pow-pila.pl\/index.php\/2021\/12\/20\/regionalny-turniej-siatkowki\/\" aria-label=\"Read more about Regionalny Turniej Siatk\u00f3wki\" tabindex=\"-1\" >\n\t\t\tCzytaj wi\u0119cej \u00bb\t\t<\/a>\n\n\t\t\t\t<\/div>\n\t\t\t\t<div class=\"elementor-post__meta-data\">\n\t\t\t\t\t<span class=\"elementor-post-date\">\n\t\t\t20 grudnia, 2021\t\t<\/span>\n\t\t\t\t<\/div>\n\t\t\t\t\t<\/div>\n\t\t<\/article>\n\t\t\t\t<article class=\"elementor-post elementor-grid-item post-135 post type-post status-publish format-standard has-post-thumbnail hentry category-wydarzenia\">\n\t\t\t<div class=\"elementor-post__card\">\n\t\t\t\t<a class=\"elementor-post__thumbnail__link\" href=\"https:\/\/pow-pila.pl\/index.php\/2021\/12\/20\/tlusty-czwartek\/\" tabindex=\"-1\" ><div class=\"elementor-post__thumbnail\"><img decoding=\"async\" width=\"768\" height=\"480\" src=\"https:\/\/pow-pila.pl\/wp-content\/uploads\/2021\/12\/paczki-768x480.jpg\" class=\"attachment-medium_large size-medium_large wp-image-136\" alt=\"\" srcset=\"https:\/\/pow-pila.pl\/wp-content\/uploads\/2021\/12\/paczki-768x480.jpg 768w, https:\/\/pow-pila.pl\/wp-content\/uploads\/2021\/12\/paczki-300x188.jpg 300w, https:\/\/pow-pila.pl\/wp-content\/uploads\/2021\/12\/paczki.jpg 800w\" sizes=\"(max-width: 768px) 100vw, 768px\" \/><\/div><\/a>\n\t\t\t\t<div class=\"elementor-post__avatar\">\n\t\t\t\t\t<\/div>\n\t\t\t\t<div class=\"elementor-post__text\">\n\t\t\t\t<h3 class=\"elementor-post__title\">\n\t\t\t<a href=\"https:\/\/pow-pila.pl\/index.php\/2021\/12\/20\/tlusty-czwartek\/\" >\n\t\t\t\tT\u0142usty czwartek\t\t\t<\/a>\n\t\t<\/h3>\n\t\t\t\t<div class=\"elementor-post__excerpt\">\n\t\t\t<p>\u2026naprawd\u0119 t\u0142uuuusty! Zobacz relacj\u0119 z wydarzenia<\/p>\n\t\t<\/div>\n\t\t\n\t\t<a class=\"elementor-post__read-more\" href=\"https:\/\/pow-pila.pl\/index.php\/2021\/12\/20\/tlusty-czwartek\/\" aria-label=\"Read more about T\u0142usty czwartek\" tabindex=\"-1\" >\n\t\t\tCzytaj wi\u0119cej \u00bb\t\t<\/a>\n\n\t\t\t\t<\/div>\n\t\t\t\t<div class=\"elementor-post__meta-data\">\n\t\t\t\t\t<span class=\"elementor-post-date\">\n\t\t\t20 grudnia, 2021\t\t<\/span>\n\t\t\t\t<\/div>\n\t\t\t\t\t<\/div>\n\t\t<\/article>\n\t\t\t\t<\/div>\n\t\t\n\t\t\t\t\t\t<\/div>\n\t\t\t\t<\/div>\n\t\t\t\t\t<\/div>\n\t\t<\/div>\n\t\t\t\t\t<\/div>\n\t\t<\/section>\n\t\t\t\t<\/div>\n\t\t","protected":false},"excerpt":{"rendered":"<p>Wydarzenia<\/p>\n","protected":false},"author":1,"featured_media":0,"parent":0,"menu_order":0,"comment_status":"closed","ping_status":"closed","template":"elementor_header_footer","meta":{"footnotes":""},"class_list":["post-25","page","type-page","status-publish","hentry"],"_links":{"self":[{"href":"https:\/\/pow-pila.pl\/index.php\/wp-json\/wp\/v2\/pages\/25","targetHints":{"allow":["GET"]}}],"collection":[{"href":"https:\/\/pow-pila.pl\/index.php\/wp-json\/wp\/v2\/pages"}],"about":[{"href":"https:\/\/pow-pila.pl\/index.php\/wp-json\/wp\/v2\/types\/page"}],"author":[{"embeddable":true,"href":"https:\/\/pow-pila.pl\/index.php\/wp-json\/wp\/v2\/users\/1"}],"replies":[{"embeddable":true,"href":"https:\/\/pow-pila.pl\/index.php\/wp-json\/wp\/v2\/comments?post=25"}],"version-history":[{"count":7,"href":"https:\/\/pow-pila.pl\/index.php\/wp-json\/wp\/v2\/pages\/25\/revisions"}],"predecessor-version":[{"id":487,"href":"https:\/\/pow-pila.pl\/index.php\/wp-json\/wp\/v2\/pages\/25\/revisions\/487"}],"wp:attachment":[{"href":"https:\/\/pow-pila.pl\/index.php\/wp-json\/wp\/v2\/media?parent=25"}],"curies":[{"name":"wp","href":"https:\/\/api.w.org\/{rel}","templated":true}]}}